{"id":1160,"date":"2018-08-24T11:53:20","date_gmt":"2018-08-24T09:53:20","guid":{"rendered":"https:\/\/elainekonopka.com\/?page_id=1160"},"modified":"2018-08-26T14:52:57","modified_gmt":"2018-08-26T12:52:57","slug":"confidentialite-protection-des-donnees-et-cookies","status":"publish","type":"page","link":"https:\/\/elainekonopka.com\/fr\/confidentialite-protection-des-donnees-et-cookies\/","title":{"rendered":"CONFIDENTIALIT\u00c9, PROTECTION DES DONN\u00c9ES ET COOKIES"},"content":{"rendered":"<h2>VOS DONN\u00c9ES<\/h2>\n<p style=\"padding-left: 30px;\">Moi, Elaine,\u00a0\u00a0\u00a0je recueillerai les donn\u00e9es\u00a0que\u00a0vous me confiez (en vous inscrivant \u00e0 un atelier ou \u00e0 la newsletter) pour vous fournir ces services.\u00a0\u00a0Vos donn\u00e9es ne seront partag\u00e9es avec personne d&rsquo;autre.<\/p>\n<h3>QUI COLLECTE LES DONN\u00c9ES?<\/h3>\n<p style=\"padding-left: 30px;\">Moi : Elaine Konopka.<\/p>\n<h3>QUELLES sont les DONN\u00c9ES COLLECT\u00c9ES ?<\/h3>\n<p style=\"padding-left: 30px;\">Je collecte votre adresse mail si vous souhaitez recevoir la newsletter The Attentive Body.\u00a0\u00a0\u00a0Je collecte votre nom, num\u00e9ro de t\u00e9l\u00e9phone et adresse mail, ainsi que vos commentaires si vous vous inscrivez \u00e0 l&rsquo;un de mes ateliers.\u00a0\u00a0\u00a0En dehors des donn\u00e9es que vous partagez avec moi\u00a0,\u00a0\u00a0\u00a0ce\u00a0site utilise \u00e9galement des cookies,\u00a0\u00a0\u00a0pour me dire comment les gens utilisent mon site.\u00a0\u00a0\u00a0Vous pouvez en savoir plus sur les cookies ci-dessous.<\/p>\n<h3>QUELLE EST LA BASE JURIDIQUE DU TRAITEMENT DES DONN\u00c9ES ?<\/h3>\n<p style=\"padding-left: 30px;\">Je utilise toutes les donn\u00e9es que je re\u00e7ois de votre part afin de fournir les services que vous avez demand\u00e9s.<\/p>\n<h3>LES DONN\u00c9ES SERONT-ELLES PARTAG\u00c9ES AVEC DES TIERS ?<\/h3>\n<p style=\"padding-left: 30px;\">Non, je ne partagerai vos donn\u00e9es avec personne d&rsquo;autre.<\/p>\n<h3>COMMENT LES INFORMATIONS SERONT-ELLES UTILIS\u00c9ES ?<\/h3>\n<p style=\"padding-left: 30px;\">\u00a0Je utilise les informations que vous m&rsquo;envoyez pour vous fournir les services que vous demandez.<\/p>\n<h3>PENDANT COMBIEN DE TEMPS LES DONN\u00c9ES SERONT-ELLES conserv\u00e9es ?<\/h3>\n<p style=\"padding-left: 30px;\">Je conserve les donn\u00e9es que je collecte pour les ateliers pendant trois ans, ou jusqu&rsquo;\u00e0 ce que vous me disiez que vous souhaitez les supprimer \/ d\u00e9truire.\u00a0Vous resterez abonn\u00e9 \u00e0 ma newsletter jusqu&rsquo;\u00e0 ce que vous vous d\u00e9sabonniez vous-m\u00eame ou me disiez que vous souhaitez vous d\u00e9sabonner.\u00a0\u00a0\u00a0Une fois d\u00e9sabonn\u00e9, vos donn\u00e9es\u00a0sont\u00a0\u00e9galement supprim\u00e9es.<\/p>\n<h3>MES DONN\u00c9ES SONT-ELLES\u00a0S\u00c9CURIS\u00c9ES\u00a0?<\/h3>\n<p style=\"padding-left: 30px;\">Toutes les mesures raisonnables sont prises pour prot\u00e9ger vos donn\u00e9es, y compris les mots de passe et les verrous s\u00e9curis\u00e9s.<\/p>\n<h3>QUELS DROITS AI-JE SUR mes DONN\u00c9ES ?<\/h3>\n<p>Vous pouvez vous retirer de ma liste de diffusion \u00e0 tout moment, ou me contacter, et je vous retirerai.\u00a0\u00a0\u00a0\u00a0Vous pouvez, \u00e0 tout moment\u00a0,\u00a0\u00a0\u00a0me\u00a0demander\u00a0de supprimer toutes les donn\u00e9es que vous m&rsquo;avez donn\u00e9es dans le cadre d&rsquo;un atelier ou d&rsquo;une correspondance entre nous,\u00a0\u00a0\u00a0et je leS supprimerai.<\/p>\n<p>Vous pouvez aussi m\u2019envoyer un mail \u00e0\u00a0\u00a0\u00a0<a href=\"mailto:info@elainekonopka.com\">info@elainekonopka.com<\/a>\u00a0\u00a0\u00a0et\u00a0je serai heureuse d&rsquo;\u00e9couter et de r\u00e9pondre \u00e0 toutes les questions que vous pourriez soulever.<\/p>\n<h2>Cookies<\/h2>\n<h4>QU&rsquo;EST-CE QU&rsquo;UN COOKIE ?<\/h4>\n<p style=\"padding-left: 30px;\">Un cookie est un \u00e9l\u00e9ment d&rsquo;information sous forme d&rsquo;un fichier texte tr\u00e8s petit qui est plac\u00e9 sur\u00a0l&rsquo;appareil\u00a0d&rsquo;un\u00a0utilisateur\u00a0de l\u2019internet.\u00a0Il est g\u00e9n\u00e9r\u00e9 par un serveur de pages Web, c&rsquo;est-\u00e0-dire l&rsquo;ordinateur qui exploite un site Web. Les\u00a0informations contenues dans le cookie sont d\u00e9finies par le serveur\u00a0et peuvent \u00eatre utilis\u00e9es par ce serveur chaque fois que l&rsquo;utilisateur visite le site.<\/p>\n<h3>TYPES DE COOKIES<\/h3>\n<p style=\"padding-left: 30px;\">Les cookies peuvent \u00eatre regroup\u00e9s selon les cat\u00e9gories suivantes :<\/p>\n<h5>COOKIES de SESSION<\/h5>\n<p style=\"padding-left: 30px;\">Ces cookies sont temporaires.\u00a0Ils sont stock\u00e9s dans la m\u00e9moire de l&rsquo;appareil uniquement pendant la session de navigation d&rsquo;un utilisateur et sont automatiquement supprim\u00e9s de l&rsquo;appareil de l&rsquo;utilisateur lorsque le navigateur est ferm\u00e9.<\/p>\n<h5>COOKIES PERSISTANTS<\/h5>\n<p style=\"padding-left: 30px;\">Ces cookies sont stock\u00e9s sur l&rsquo;appareil de l&rsquo;utilisateur et ne sont pas supprim\u00e9s lorsque le navigateur est ferm\u00e9.\u00a0Les cookies permanents peuvent conserver les pr\u00e9f\u00e9rences de l&rsquo;utilisateur pour un site Web particulier, permettant ainsi d&rsquo;utiliser ces pr\u00e9f\u00e9rences lors de futures sessions de navigation.\u00a0Ces cookies restent sur votre appareil jusqu&rsquo;\u00e0 ce que vous les effaciez ou qu&rsquo;ils expirent (cela d\u00e9pend de la dur\u00e9e assign\u00e9 au cookie par le site Web visit\u00e9).<\/p>\n<h3>VOICI UNE LISTE DE TOUS LES COOKIES UTILIS\u00c9S SUR CE SITE WEB :<\/h3>\n<h3>COOKIES DE PREMI\u00c8RE PARTIE \/ COOKIES INTERNES<\/h3>\n<p>Les cookies internes sont d\u00e9finis par notre site Web et ne peuvent \u00eatre lus que par notre site.<\/p>\n<table class=\"cookietable\">\n<tbody>\n<tr>\n<th>Cookie<\/th>\n<th>Nom<\/th>\n<th>Cat\u00e9gorie<\/th>\n<th>Description<\/th>\n<\/tr>\n<tr>\n<td>Session<\/td>\n<td>quelques\u00a0&#8211;\u00a0uns nomm\u00e9s: wordpress_ *\u00a0\u00a0 et<br \/>\nwp-settings.*<\/td>\n<td>Strictement n\u00e9cessaire<\/td>\n<td>WordPress\u00a0utilise ces cookies\u00a0pour suivre les informations logiques importantes pour le bon fonctionnement du site.\u00a0Sans eux,\u00a0Wordpress ne peut tout simplement pas fonctionner.<\/td>\n<\/tr>\n<tr>\n<td>Session<\/td>\n<td>viewed_cookie_policy<\/td>\n<td>Strictement n\u00e9cessaire<\/td>\n<td>Ce cookie est utilis\u00e9 par le logiciel de cookies pour v\u00e9rifier si vous avez accept\u00e9 notre politique de cookies ou non. Il expire dans une journ\u00e9e.<\/td>\n<\/tr>\n<tr>\n<td>Session<\/td>\n<td>apbct_cookies_test et autre apbct cookies<\/td>\n<td>Strictement n\u00e9cessaire<\/td>\n<td>Utilis\u00e9 pour la protection anti-spam &#8211; les donn\u00e9es s\u2019en vont \u00e0 la fin de la session de navigation.<\/td>\n<\/tr>\n<tr>\n<td>Session<\/td>\n<td>ct_checkjs, ct_cookies_test, ct_timestamp<\/td>\n<td>Strictement n\u00e9cessaire<\/td>\n<td>Ces\u00a0cookies sont temporaires et expirent \u00e0 la fin de la session de navigation ou apr\u00e8s 1 jour en cas d\u2019horodatage.\u00a0\u00a0\u00a0Ils sont utilis\u00e9s par notre syst\u00e8me anti-spam pour v\u00e9rifier si\u00a0Javascript\u00a0est disponible dans votre navigateur, si les cookies sont activ\u00e9s et pour stocker une date et une heure.<\/td>\n<\/tr>\n<\/tbody>\n<\/table>\n<p>&nbsp;<\/p>\n<h3>COOKIES TIERS<\/h3>\n<p>Notre site Web peut utiliser du contenu tiers pour des vid\u00e9os telles que YouTube ou pour partager avec des sites de r\u00e9seaux sociaux tels que Facebook ou Twitter.\u00a0\u00a0\u00a0Si vous partagez avec des sites de r\u00e9seaux sociaux, ils peuvent \u00e9galement placer des cookies sur votre appareil lorsque vous naviguez sur notre site Web.\u00a0Veuillez noter que je ne contr\u00f4le pas ces cookies et que vous devez v\u00e9rifier la politique de confidentialit\u00e9 du site Web concern\u00e9 pour plus d&rsquo;informations.<\/p>\n<table class=\"cookietable\">\n<tbody>\n<tr>\n<th>Cookie<\/th>\n<th>Nom<\/th>\n<th>Cat\u00e9gorie<\/th>\n<th>Description<\/th>\n<\/tr>\n<tr>\n<td>Persistent<\/td>\n<td>_utma_utmb_utmc_utmz<\/p>\n<div>_ga, _gat, _gid<\/div>\n<div><\/div>\n<\/td>\n<td>Google Analytics<br \/>\n(Performance)<\/td>\n<td>Ces cookies sont utilis\u00e9s pour collecter des informations sur la mani\u00e8re dont les visiteurs utilisent notre site.\u00a0Nous utilisons ces informations pour compiler des rapports sur ce qui int\u00e9resse le plus nos visiteurs et pour nous aider \u00e0 am\u00e9liorer le site.\u00a0Il s\u2019agit de toutes les informations anonymes et comprend le nombre de visiteurs sur le site, la provenance des visiteurs et les pages visit\u00e9es.\u00a0Pour plus d&rsquo;informations sur les r\u00e8gles de confidentialit\u00e9 de Google, veuillez utiliser ce lien:\u00a0\u00a0\u00a0<a href=\"https:\/\/policies.google.com\/?hl=fr\" target=\"_blank\" rel=\"noopener\">Politique de confidentialit\u00e9 de Google\u00a0<\/a><br \/>\nPour d\u00e9sactiver Google Analytics, veuillez utiliser ce lien:\u00a0\u00a0<a href=\"https:\/\/tools.google.com\/dlpage\/gaoptout?hl=fr\" target=\"_blank\" rel=\"noopener\">D\u00e9sactiver Google Analytics<\/a><\/td>\n<\/tr>\n<\/tbody>\n<\/table>\n<h2>UTILISATION DU SITE ET CONSENTEMENT<\/h2>\n<p>En poursuivant l\u2019utilisation du site, nous consid\u00e9rons que vous acceptez les cookies sur votre appareil conform\u00e9ment \u00e0 cette politique de cookies.\u00a0Nous avons d\u00e9taill\u00e9 o\u00f9 trouver des informations sur comment supprimer et g\u00e9rer les cookies.<\/p>\n<h2>SUPPRESSION ET GESTION DES COOKIES<\/h2>\n<p>La plupart des navigateurs Web vous permettent de g\u00e9rer ou de supprimer vos cookies en acc\u00e9dant aux param\u00e8tres du navigateur.\u00a0Pour en savoir plus sur les cookies, y compris comment voir quels cookies ont \u00e9t\u00e9 plac\u00e9s et comment les g\u00e9rer et les supprimer, visitez le site\u00a0\u00a0\u00a0<a href=\"http:\/\/aboutcookies.org\" target=\"_blank\" rel=\"noopener\">www.aboutcookies.org<\/a>\u00a0.<\/p>\n<p>&nbsp;<\/p>\n","protected":false},"excerpt":{"rendered":"<p>VOS DONN\u00c9ES Moi, Elaine,\u00a0\u00a0\u00a0je recueillerai les donn\u00e9es\u00a0que\u00a0vous me confiez (en vous inscrivant \u00e0 un atelier ou \u00e0 la newsletter) pour vous fournir ces services.\u00a0\u00a0Vos donn\u00e9es ne seront partag\u00e9es avec personne d&rsquo;autre. QUI COLLECTE LES DONN\u00c9ES? Moi : Elaine Konopka. QUELLES sont les DONN\u00c9ES COLLECT\u00c9ES ? Je collecte votre adresse mail si vous souhaitez recevoir la&#8230;<\/p>\n","protected":false},"author":3,"featured_media":1892,"parent":0,"menu_order":0,"comment_status":"closed","ping_status":"closed","template":"","meta":{"_kad_blocks_custom_css":"","_kad_blocks_head_custom_js":"","_kad_blocks_body_custom_js":"","_kad_blocks_footer_custom_js":"","_exactmetrics_skip_tracking":false,"_exactmetrics_sitenote_active":false,"_exactmetrics_sitenote_note":"","_exactmetrics_sitenote_category":0,"_kadence_starter_templates_imported_post":false,"_kad_post_transparent":"","_kad_post_title":"","_kad_post_layout":"","_kad_post_sidebar_id":"","_kad_post_content_style":"","_kad_post_vertical_padding":"","_kad_post_feature":"","_kad_post_feature_position":"","_kad_post_header":false,"_kad_post_footer":false,"_kad_post_classname":"","footnotes":""},"class_list":["post-1160","page","type-page","status-publish","has-post-thumbnail","hentry"],"yoast_head":"<!-- This site is optimized with the Yoast SEO plugin v27.5 - https:\/\/yoast.com\/product\/yoast-seo-wordpress\/ -->\n<title>CONFIDENTIALIT\u00c9, PROTECTION DES DONN\u00c9ES ET COOKIES - Elaine Konopka<\/title>\n<meta name=\"robots\" content=\"noindex, follow, max-snippet:-1, max-image-preview:large, max-video-preview:-1\" \/>\n<meta property=\"og:locale\" content=\"fr_FR\" \/>\n<meta property=\"og:type\" content=\"article\" \/>\n<meta property=\"og:title\" content=\"CONFIDENTIALIT\u00c9, PROTECTION DES DONN\u00c9ES ET COOKIES - Elaine Konopka\" \/>\n<meta property=\"og:description\" content=\"VOS DONN\u00c9ES Moi, Elaine,\u00a0\u00a0\u00a0je recueillerai les donn\u00e9es\u00a0que\u00a0vous me confiez (en vous inscrivant \u00e0 un atelier ou \u00e0 la newsletter) pour vous fournir ces services.\u00a0\u00a0Vos donn\u00e9es ne seront partag\u00e9es avec personne d&rsquo;autre. QUI COLLECTE LES DONN\u00c9ES? Moi : Elaine Konopka. QUELLES sont les DONN\u00c9ES COLLECT\u00c9ES ? Je collecte votre adresse mail si vous souhaitez recevoir la...\" \/>\n<meta property=\"og:url\" content=\"https:\/\/elainekonopka.com\/fr\/confidentialite-protection-des-donnees-et-cookies\/\" \/>\n<meta property=\"og:site_name\" content=\"Elaine Konopka\" \/>\n<meta property=\"article:publisher\" content=\"https:\/\/www.facebook.com\/pages\/The-Attentive-BodyElaine-Konopka\/403003879879708\" \/>\n<meta property=\"article:modified_time\" content=\"2018-08-26T12:52:57+00:00\" \/>\n<meta property=\"og:image\" content=\"https:\/\/elainekonopka.com\/wp-content\/uploads\/2018\/04\/the_attentive_body-larger-for-fb-.png\" \/>\n\t<meta property=\"og:image:width\" content=\"300\" \/>\n\t<meta property=\"og:image:height\" content=\"220\" \/>\n\t<meta property=\"og:image:type\" content=\"image\/png\" \/>\n<meta name=\"twitter:label1\" content=\"Dur\u00e9e de lecture estim\u00e9e\" \/>\n\t<meta name=\"twitter:data1\" content=\"6 minutes\" \/>\n<script type=\"application\/ld+json\" class=\"yoast-schema-graph\">{\"@context\":\"https:\\\/\\\/schema.org\",\"@graph\":[{\"@type\":\"WebPage\",\"@id\":\"https:\\\/\\\/elainekonopka.com\\\/fr\\\/confidentialite-protection-des-donnees-et-cookies\\\/\",\"url\":\"https:\\\/\\\/elainekonopka.com\\\/fr\\\/confidentialite-protection-des-donnees-et-cookies\\\/\",\"name\":\"CONFIDENTIALIT\u00c9, PROTECTION DES DONN\u00c9ES ET COOKIES - Elaine Konopka\",\"isPartOf\":{\"@id\":\"https:\\\/\\\/elainekonopka.com\\\/fr\\\/#website\"},\"primaryImageOfPage\":{\"@id\":\"https:\\\/\\\/elainekonopka.com\\\/fr\\\/confidentialite-protection-des-donnees-et-cookies\\\/#primaryimage\"},\"image\":{\"@id\":\"https:\\\/\\\/elainekonopka.com\\\/fr\\\/confidentialite-protection-des-donnees-et-cookies\\\/#primaryimage\"},\"thumbnailUrl\":\"https:\\\/\\\/elainekonopka.com\\\/wp-content\\\/uploads\\\/2024\\\/05\\\/green-e1716048555800.jpeg\",\"datePublished\":\"2018-08-24T09:53:20+00:00\",\"dateModified\":\"2018-08-26T12:52:57+00:00\",\"breadcrumb\":{\"@id\":\"https:\\\/\\\/elainekonopka.com\\\/fr\\\/confidentialite-protection-des-donnees-et-cookies\\\/#breadcrumb\"},\"inLanguage\":\"fr-FR\",\"potentialAction\":[{\"@type\":\"ReadAction\",\"target\":[\"https:\\\/\\\/elainekonopka.com\\\/fr\\\/confidentialite-protection-des-donnees-et-cookies\\\/\"]}]},{\"@type\":\"ImageObject\",\"inLanguage\":\"fr-FR\",\"@id\":\"https:\\\/\\\/elainekonopka.com\\\/fr\\\/confidentialite-protection-des-donnees-et-cookies\\\/#primaryimage\",\"url\":\"https:\\\/\\\/elainekonopka.com\\\/wp-content\\\/uploads\\\/2024\\\/05\\\/green-e1716048555800.jpeg\",\"contentUrl\":\"https:\\\/\\\/elainekonopka.com\\\/wp-content\\\/uploads\\\/2024\\\/05\\\/green-e1716048555800.jpeg\",\"width\":853,\"height\":1280},{\"@type\":\"BreadcrumbList\",\"@id\":\"https:\\\/\\\/elainekonopka.com\\\/fr\\\/confidentialite-protection-des-donnees-et-cookies\\\/#breadcrumb\",\"itemListElement\":[{\"@type\":\"ListItem\",\"position\":1,\"name\":\"Home\",\"item\":\"https:\\\/\\\/elainekonopka.com\\\/fr\\\/\"},{\"@type\":\"ListItem\",\"position\":2,\"name\":\"CONFIDENTIALIT\u00c9, PROTECTION DES DONN\u00c9ES ET COOKIES\"}]},{\"@type\":\"WebSite\",\"@id\":\"https:\\\/\\\/elainekonopka.com\\\/fr\\\/#website\",\"url\":\"https:\\\/\\\/elainekonopka.com\\\/fr\\\/\",\"name\":\"Elaine Konopka\",\"description\":\"Praticienne dipl\u00f4m\u00e9e de la M\u00e9thode Grinberg\u00ae\",\"publisher\":{\"@id\":\"https:\\\/\\\/elainekonopka.com\\\/fr\\\/#organization\"},\"potentialAction\":[{\"@type\":\"SearchAction\",\"target\":{\"@type\":\"EntryPoint\",\"urlTemplate\":\"https:\\\/\\\/elainekonopka.com\\\/fr\\\/?s={search_term_string}\"},\"query-input\":{\"@type\":\"PropertyValueSpecification\",\"valueRequired\":true,\"valueName\":\"search_term_string\"}}],\"inLanguage\":\"fr-FR\"},{\"@type\":\"Organization\",\"@id\":\"https:\\\/\\\/elainekonopka.com\\\/fr\\\/#organization\",\"name\":\"Elaine Konopka\",\"url\":\"https:\\\/\\\/elainekonopka.com\\\/fr\\\/\",\"logo\":{\"@type\":\"ImageObject\",\"inLanguage\":\"fr-FR\",\"@id\":\"https:\\\/\\\/elainekonopka.com\\\/fr\\\/#\\\/schema\\\/logo\\\/image\\\/\",\"url\":\"https:\\\/\\\/elainekonopka.com\\\/wp-content\\\/uploads\\\/2026\\\/01\\\/cropped-new-logo-3.png\",\"contentUrl\":\"https:\\\/\\\/elainekonopka.com\\\/wp-content\\\/uploads\\\/2026\\\/01\\\/cropped-new-logo-3.png\",\"width\":1196,\"height\":205,\"caption\":\"Elaine Konopka\"},\"image\":{\"@id\":\"https:\\\/\\\/elainekonopka.com\\\/fr\\\/#\\\/schema\\\/logo\\\/image\\\/\"},\"sameAs\":[\"https:\\\/\\\/www.facebook.com\\\/pages\\\/The-Attentive-BodyElaine-Konopka\\\/403003879879708\",\"http:\\\/\\\/fr.linkedin.com\\\/in\\\/elainekonopka\",\"https:\\\/\\\/pinterest.com\\\/attentivebody\\\/\"]}]}<\/script>\n<!-- \/ Yoast SEO plugin. -->","yoast_head_json":{"title":"CONFIDENTIALIT\u00c9, PROTECTION DES DONN\u00c9ES ET COOKIES - Elaine Konopka","robots":{"index":"noindex","follow":"follow","max-snippet":"max-snippet:-1","max-image-preview":"max-image-preview:large","max-video-preview":"max-video-preview:-1"},"og_locale":"fr_FR","og_type":"article","og_title":"CONFIDENTIALIT\u00c9, PROTECTION DES DONN\u00c9ES ET COOKIES - Elaine Konopka","og_description":"VOS DONN\u00c9ES Moi, Elaine,\u00a0\u00a0\u00a0je recueillerai les donn\u00e9es\u00a0que\u00a0vous me confiez (en vous inscrivant \u00e0 un atelier ou \u00e0 la newsletter) pour vous fournir ces services.\u00a0\u00a0Vos donn\u00e9es ne seront partag\u00e9es avec personne d&rsquo;autre. QUI COLLECTE LES DONN\u00c9ES? Moi : Elaine Konopka. QUELLES sont les DONN\u00c9ES COLLECT\u00c9ES ? Je collecte votre adresse mail si vous souhaitez recevoir la...","og_url":"https:\/\/elainekonopka.com\/fr\/confidentialite-protection-des-donnees-et-cookies\/","og_site_name":"Elaine Konopka","article_publisher":"https:\/\/www.facebook.com\/pages\/The-Attentive-BodyElaine-Konopka\/403003879879708","article_modified_time":"2018-08-26T12:52:57+00:00","og_image":[{"width":300,"height":220,"url":"https:\/\/elainekonopka.com\/wp-content\/uploads\/2018\/04\/the_attentive_body-larger-for-fb-.png","type":"image\/png"}],"twitter_misc":{"Dur\u00e9e de lecture estim\u00e9e":"6 minutes"},"schema":{"@context":"https:\/\/schema.org","@graph":[{"@type":"WebPage","@id":"https:\/\/elainekonopka.com\/fr\/confidentialite-protection-des-donnees-et-cookies\/","url":"https:\/\/elainekonopka.com\/fr\/confidentialite-protection-des-donnees-et-cookies\/","name":"CONFIDENTIALIT\u00c9, PROTECTION DES DONN\u00c9ES ET COOKIES - Elaine Konopka","isPartOf":{"@id":"https:\/\/elainekonopka.com\/fr\/#website"},"primaryImageOfPage":{"@id":"https:\/\/elainekonopka.com\/fr\/confidentialite-protection-des-donnees-et-cookies\/#primaryimage"},"image":{"@id":"https:\/\/elainekonopka.com\/fr\/confidentialite-protection-des-donnees-et-cookies\/#primaryimage"},"thumbnailUrl":"https:\/\/elainekonopka.com\/wp-content\/uploads\/2024\/05\/green-e1716048555800.jpeg","datePublished":"2018-08-24T09:53:20+00:00","dateModified":"2018-08-26T12:52:57+00:00","breadcrumb":{"@id":"https:\/\/elainekonopka.com\/fr\/confidentialite-protection-des-donnees-et-cookies\/#breadcrumb"},"inLanguage":"fr-FR","potentialAction":[{"@type":"ReadAction","target":["https:\/\/elainekonopka.com\/fr\/confidentialite-protection-des-donnees-et-cookies\/"]}]},{"@type":"ImageObject","inLanguage":"fr-FR","@id":"https:\/\/elainekonopka.com\/fr\/confidentialite-protection-des-donnees-et-cookies\/#primaryimage","url":"https:\/\/elainekonopka.com\/wp-content\/uploads\/2024\/05\/green-e1716048555800.jpeg","contentUrl":"https:\/\/elainekonopka.com\/wp-content\/uploads\/2024\/05\/green-e1716048555800.jpeg","width":853,"height":1280},{"@type":"BreadcrumbList","@id":"https:\/\/elainekonopka.com\/fr\/confidentialite-protection-des-donnees-et-cookies\/#breadcrumb","itemListElement":[{"@type":"ListItem","position":1,"name":"Home","item":"https:\/\/elainekonopka.com\/fr\/"},{"@type":"ListItem","position":2,"name":"CONFIDENTIALIT\u00c9, PROTECTION DES DONN\u00c9ES ET COOKIES"}]},{"@type":"WebSite","@id":"https:\/\/elainekonopka.com\/fr\/#website","url":"https:\/\/elainekonopka.com\/fr\/","name":"Elaine Konopka","description":"Praticienne dipl\u00f4m\u00e9e de la M\u00e9thode Grinberg\u00ae","publisher":{"@id":"https:\/\/elainekonopka.com\/fr\/#organization"},"potentialAction":[{"@type":"SearchAction","target":{"@type":"EntryPoint","urlTemplate":"https:\/\/elainekonopka.com\/fr\/?s={search_term_string}"},"query-input":{"@type":"PropertyValueSpecification","valueRequired":true,"valueName":"search_term_string"}}],"inLanguage":"fr-FR"},{"@type":"Organization","@id":"https:\/\/elainekonopka.com\/fr\/#organization","name":"Elaine Konopka","url":"https:\/\/elainekonopka.com\/fr\/","logo":{"@type":"ImageObject","inLanguage":"fr-FR","@id":"https:\/\/elainekonopka.com\/fr\/#\/schema\/logo\/image\/","url":"https:\/\/elainekonopka.com\/wp-content\/uploads\/2026\/01\/cropped-new-logo-3.png","contentUrl":"https:\/\/elainekonopka.com\/wp-content\/uploads\/2026\/01\/cropped-new-logo-3.png","width":1196,"height":205,"caption":"Elaine Konopka"},"image":{"@id":"https:\/\/elainekonopka.com\/fr\/#\/schema\/logo\/image\/"},"sameAs":["https:\/\/www.facebook.com\/pages\/The-Attentive-BodyElaine-Konopka\/403003879879708","http:\/\/fr.linkedin.com\/in\/elainekonopka","https:\/\/pinterest.com\/attentivebody\/"]}]}},"taxonomy_info":[],"featured_image_src_large":["https:\/\/elainekonopka.com\/wp-content\/uploads\/2024\/05\/green-632x290.jpeg",632,290,true],"author_info":{"display_name":"Elaine Konopka","author_link":"https:\/\/elainekonopka.com\/fr\/author\/elaine\/"},"comment_info":0,"_links":{"self":[{"href":"https:\/\/elainekonopka.com\/fr\/wp-json\/wp\/v2\/pages\/1160","targetHints":{"allow":["GET"]}}],"collection":[{"href":"https:\/\/elainekonopka.com\/fr\/wp-json\/wp\/v2\/pages"}],"about":[{"href":"https:\/\/elainekonopka.com\/fr\/wp-json\/wp\/v2\/types\/page"}],"author":[{"embeddable":true,"href":"https:\/\/elainekonopka.com\/fr\/wp-json\/wp\/v2\/users\/3"}],"replies":[{"embeddable":true,"href":"https:\/\/elainekonopka.com\/fr\/wp-json\/wp\/v2\/comments?post=1160"}],"version-history":[{"count":3,"href":"https:\/\/elainekonopka.com\/fr\/wp-json\/wp\/v2\/pages\/1160\/revisions"}],"predecessor-version":[{"id":1164,"href":"https:\/\/elainekonopka.com\/fr\/wp-json\/wp\/v2\/pages\/1160\/revisions\/1164"}],"wp:featuredmedia":[{"embeddable":true,"href":"https:\/\/elainekonopka.com\/fr\/wp-json\/wp\/v2\/media\/1892"}],"wp:attachment":[{"href":"https:\/\/elainekonopka.com\/fr\/wp-json\/wp\/v2\/media?parent=1160"}],"curies":[{"name":"wp","href":"https:\/\/api.w.org\/{rel}","templated":true}]}}